{"id":10373,"date":"2024-05-24T13:43:54","date_gmt":"2024-05-24T13:43:54","guid":{"rendered":"https:\/\/aluminiosfilipe.com\/?page_id=10373"},"modified":"2024-06-11T10:07:57","modified_gmt":"2024-06-11T10:07:57","slug":"home","status":"publish","type":"page","link":"https:\/\/aluminiosfilipe.com\/fr\/","title":{"rendered":"Page d'accueil"},"content":{"rendered":"<div class=\"wp-block-cover alignfull has-parallax\" style=\"min-height:590px;aspect-ratio:unset;\"><span aria-hidden=\"true\" class=\"wp-block-cover__background has-background-dim-40 has-background-dim wp-block-cover__gradient-background has-background-gradient\" style=\"background:linear-gradient(135deg,rgb(0,0,0) 27%,rgb(246,163,14) 63%)\"><\/span><div class=\"wp-block-cover__image-background wp-image-10401 has-parallax\" style=\"background-position:50% 50%;background-image:url(https:\/\/aluminiosfilipe.com\/wp-content\/uploads\/2024\/05\/20201028_120523-scaled.jpg)\"><\/div><div class=\"wp-block-cover__inner-container is-layout-flow wp-block-cover-is-layout-flow\">\n<h2 class=\"wp-block-heading has-text-align-center alignwide has-white-color has-text-color\" style=\"font-size:52px;line-height:1.4\"><strong>Ferronnerie d'aluminium<\/strong><\/h2>\n\n\n<p style=\"font-size:16px;\" class=\"has-text-align-center wp-block-site-tagline\">Nous disposons d\u2019une \u00e9quipe sp\u00e9cialis\u00e9e dans l\u2019installation et le remplacement de tous types de structures en aluminium.<\/p>\n\n\n<div class=\"wp-block-buttons is-content-justification-center is-layout-flex wp-container-core-buttons-is-layout-1 wp-block-buttons-is-layout-flex\">\n<div class=\"wp-block-button has-custom-font-size is-style-fill\" style=\"font-size:25px\"><a class=\"wp-block-button__link has-luminous-vivid-amber-background-color has-background wp-element-button\" href=\"https:\/\/aluminiosfilipe.com\/fr\/orcamentos\/\">Demander un budget<\/a><\/div>\n<\/div>\n<\/div><\/div>\n\n\n\n<div style=\"height:73px\" aria-hidden=\"true\" class=\"wp-block-spacer\"><\/div>\n\n\n\t\t\t<div data-aos= \"zoom-in\" data-aos-duration=\"400\" data-aos-delay=\"0\" data-aos-easing=\"ease\" data-aos-once=\"true\" \n\t\t\tclass=\"wp-block-uagb-google-map uagb-google-map__wrap uagb-block-b25b4601\"\n\t\t\tstyle=\"\" >\n\t\t\t\t<embed\n\t\t\t\t\tclass=\"uagb-google-map__iframe\"\n\t\t\t\t\ttitle=\"Carte Google pour \"\n\t\t\t\t\tsrc=\"https:\/\/maps.google.com\/maps?q=41.457758%2C%20-8.204652&#038;z=17&#038;hl=en&#038;t=k&#038;output=embed&#038;iwloc=near\"\n\t\t\t\t\twidth=\"640\"\n\t\t\t\t\theight=\"426\"\n\t\t\t\t\tloading=\"lazy\"\n\t\t\t\t><\/embed>\n\t\t\t<\/div>\n\t\t\t\n\n\n<div style=\"height:85px\" aria-hidden=\"true\" class=\"wp-block-spacer\"><\/div>\n\n\n\n<div class=\"wp-block-cover alignfull has-parallax\" style=\"min-height:577px;aspect-ratio:unset;\"><span aria-hidden=\"true\" class=\"wp-block-cover__background has-background-dim-40 has-background-dim wp-block-cover__gradient-background has-background-gradient\" style=\"background:linear-gradient(135deg,rgb(0,0,0) 27%,rgb(246,163,14) 75%)\"><\/span><div class=\"wp-block-cover__image-background wp-image-10454 has-parallax\" style=\"background-position:50% 50%;background-image:url(https:\/\/aluminiosfilipe.com\/wp-content\/uploads\/2024\/06\/20210225_164809-scaled.jpg)\"><\/div><div class=\"wp-block-cover__inner-container is-layout-flow wp-block-cover-is-layout-flow\">\n<h2 class=\"wp-block-heading has-text-align-center alignwide has-white-color has-text-color uag-hide-tab uag-hide-mob\" style=\"margin-right:var(--wp--preset--spacing--40);margin-left:var(--wp--preset--spacing--40);font-size:48px;line-height:1\"><strong>Vous souhaitez installer des structures en aluminium dans votre maison, magasin, bureau ou immeuble ?<\/strong><\/h2>\n\n\n\n<p class=\"has-text-align-center has-text-color\" style=\"color:#ffffff;font-size:16px\">Vous avez des questions sur les structures en aluminium choisir ? SAF compte une \u00e9quipe de techniciens qui vous aident et vous orientent dans votre d\u00e9cision, ainsi qu'une \u00e9quipe sp\u00e9cialis\u00e9e dans l'installation et le remplacement de tous types de structures en aluminium.<\/p>\n\n\n\n<div class=\"wp-block-uagb-buttons uagb-buttons__outer-wrap uagb-btn__default-btn uagb-btn-tablet__default-btn uagb-btn-mobile__default-btn uagb-block-23a16f22\"><div class=\"uagb-buttons__wrap uagb-buttons-layout-wrap\">\n<div class=\"wp-block-uagb-buttons-child uagb-buttons__outer-wrap uagb-block-711f19e2 wp-block-button\"><div class=\"uagb-button__wrapper\"><a class=\"uagb-buttons-repeater wp-block-button__link\" aria-label=\"\" href=\"https:\/\/aluminiosfilipe.com\/fr\/orcamentos\/\" rel=\"follow noopener\" target=\"_self\" role=\"button\"><div class=\"uagb-button__link\">Demandez votre devis maintenant<\/div><\/a><\/div><\/div>\n<\/div><\/div>\n<\/div><\/div>","protected":false},"excerpt":{"rendered":"","protected":false},"author":1,"featured_media":0,"parent":0,"menu_order":0,"comment_status":"closed","ping_status":"closed","template":"","meta":{"_uag_custom_page_level_css":"","site-sidebar-layout":"no-sidebar","site-content-layout":"plain-container","ast-site-content-layout":"","site-content-style":"default","site-sidebar-style":"default","ast-global-header-display":"","ast-banner-title-visibility":"","ast-main-header-display":"","ast-hfb-above-header-display":"","ast-hfb-below-header-display":"","ast-hfb-mobile-header-display":"","site-post-title":"disabled","ast-breadcrumbs-content":"","ast-featured-img":"disabled","footer-sml-layout":"","theme-transparent-header-meta":"","adv-header-id-meta":"","stick-header-meta":"","header-above-stick-meta":"","header-main-stick-meta":"","header-below-stick-meta":"","astra-migrate-meta-layouts":"default","ast-page-background-enabled":"default","ast-page-background-meta":{"desktop":{"background-color":"var(--ast-global-color-4)","background-image":"","background-repeat":"repeat","background-position":"center center","background-size":"auto","background-attachment":"scroll","background-type":"","background-media":"","overlay-type":"","overlay-color":"","overlay-opacity":"","overlay-gradient":""},"tablet":{"background-color":"","background-image":"","background-repeat":"repeat","background-position":"center center","background-size":"auto","background-attachment":"scroll","background-type":"","background-media":"","overlay-type":"","overlay-color":"","overlay-opacity":"","overlay-gradient":""},"mobile":{"background-color":"","background-image":"","background-repeat":"repeat","background-position":"center center","background-size":"auto","background-attachment":"scroll","background-type":"","background-media":"","overlay-type":"","overlay-color":"","overlay-opacity":"","overlay-gradient":""}},"ast-content-background-meta":{"desktop":{"background-color":"var(--ast-global-color-5)","background-image":"","background-repeat":"repeat","background-position":"center center","background-size":"auto","background-attachment":"scroll","background-type":"","background-media":"","overlay-type":"","overlay-color":"","overlay-opacity":"","overlay-gradient":""},"tablet":{"background-color":"var(--ast-global-color-5)","background-image":"","background-repeat":"repeat","background-position":"center center","background-size":"auto","background-attachment":"scroll","background-type":"","background-media":"","overlay-type":"","overlay-color":"","overlay-opacity":"","overlay-gradient":""},"mobile":{"background-color":"var(--ast-global-color-5)","background-image":"","background-repeat":"repeat","background-position":"center center","background-size":"auto","background-attachment":"scroll","background-type":"","background-media":"","overlay-type":"","overlay-color":"","overlay-opacity":"","overlay-gradient":""}},"footnotes":""},"uagb_featured_image_src":{"full":false,"thumbnail":false,"medium":false,"medium_large":false,"large":false,"ctl_avatar":false,"1536x1536":false,"2048x2048":false,"trp-custom-language-flag":false,"wpca-thumb":false},"uagb_author_info":{"display_name":"eprom@eprom.com.pt","author_link":"https:\/\/aluminiosfilipe.com\/fr\/author\/epromeprom-com-pt\/"},"uagb_comment_info":0,"uagb_excerpt":null,"_links":{"self":[{"href":"https:\/\/aluminiosfilipe.com\/fr\/wp-json\/wp\/v2\/pages\/10373"}],"collection":[{"href":"https:\/\/aluminiosfilipe.com\/fr\/wp-json\/wp\/v2\/pages"}],"about":[{"href":"https:\/\/aluminiosfilipe.com\/fr\/wp-json\/wp\/v2\/types\/page"}],"author":[{"embeddable":true,"href":"https:\/\/aluminiosfilipe.com\/fr\/wp-json\/wp\/v2\/users\/1"}],"replies":[{"embeddable":true,"href":"https:\/\/aluminiosfilipe.com\/fr\/wp-json\/wp\/v2\/comments?post=10373"}],"version-history":[{"count":29,"href":"https:\/\/aluminiosfilipe.com\/fr\/wp-json\/wp\/v2\/pages\/10373\/revisions"}],"predecessor-version":[{"id":10571,"href":"https:\/\/aluminiosfilipe.com\/fr\/wp-json\/wp\/v2\/pages\/10373\/revisions\/10571"}],"wp:attachment":[{"href":"https:\/\/aluminiosfilipe.com\/fr\/wp-json\/wp\/v2\/media?parent=10373"}],"curies":[{"name":"wp","href":"https:\/\/api.w.org\/{rel}","templated":true}]}}